{"id":44,"date":"2018-06-30T11:48:18","date_gmt":"2018-06-30T09:48:18","guid":{"rendered":"https:\/\/forstaraden.ergin.net\/?page_id=44"},"modified":"2018-07-06T20:51:37","modified_gmt":"2018-07-06T18:51:37","slug":"kontakt","status":"publish","type":"page","link":"https:\/\/forstaraden.ergin.net\/en\/kontakt\/","title":{"rendered":"Kontakt"},"content":{"rendered":"<div class=\"page\" title=\"Page 28\">\n<div class=\"section\">\n<div class=\"layoutArea\">\n<div class=\"column\">\n<p><strong>F\u00f6rsta raden p\u00e5 CV:t eller fram\u00e5t mot nya rader p\u00e5 CV:t?<\/strong><\/p>\n<p>Koppla ga\u0308rna in oss vid behov, som st\u00f6d och erfarenhetsbank i bakgrunden, som partner i n\u00e5got delmoment i processen (till exempel genomf\u00f6ra handledarutbildning eller n\u00e4tverkstr\u00e4ffar) eller som projektledare f\u00f6r ett helt program.<\/p>\n<p>Anna Malmqvist, Diversify Consulting, anna.malmqvist@diversifyconsulting.se, +46 706 55 55 91, <a href=\"http:\/\/linkedin.com\/in\/anna-malmqvistdiversify\" target=\"_blank\" rel=\"noopener\">Linkedin<\/a>,\u00a0<a href=\"http:\/\/linkedin.com\/company\/diversifyconsulting\/\" target=\"_blank\" rel=\"noopener\">Linkedin Diversify<\/a><\/p>\n<p>Susanne Norman, Diversify Consulting, susanne.norman@diversifyconsulting.se, +46 707 40 43 61, <a href=\"http:\/\/linkedin.com\/in\/susanne-norman\" target=\"_blank\" rel=\"noopener\">Linkedin<\/a><\/p>\n<p>Ergin \u00d6zdemir (Grundare av F\u00f6rsta raden p\u00e5 CV:t), Ergin net AB, me@ergin.se , +46 703 02 98 98, <a href=\"http:\/\/linkedin.com\/in\/ergin\" target=\"_blank\" rel=\"noopener\">Linkedin<\/a><\/p>\n<p>&nbsp;<\/p>\n<figure id=\"attachment_109\" style=\"width: 266px\"  class=\"wp-caption alignleft\"><img loading=\"lazy\" decoding=\"async\" class=\"wp-image-109 \" src=\"https:\/\/forstaraden.ergin.net\/wp-content\/uploads\/2018\/07\/E-A-S-Almedalen-2018-300x219.png\" alt=\"\" width=\"266\" height=\"194\" srcset=\"https:\/\/forstaraden.ergin.net\/wp-content\/uploads\/2018\/07\/E-A-S-Almedalen-2018-300x219.png 300w, https:\/\/forstaraden.ergin.net\/wp-content\/uploads\/2018\/07\/E-A-S-Almedalen-2018-768x562.png 768w, https:\/\/forstaraden.ergin.net\/wp-content\/uploads\/2018\/07\/E-A-S-Almedalen-2018.png 860w\" sizes=\"auto, (max-width: 266px) 100vw, 266px\" \/><figcaption class=\"wp-caption-text\">Lansering av handboken i kompetensmatchning, F\u00f6rsta raden p\u00e5 CV:t, Almedalen 2018<\/figcaption><\/figure>\n<p><span style=\"font-size: 12px; font-style: italic;\">.<\/span><\/p>\n<\/div>\n<\/div>\n<\/div>\n<\/div>\n","protected":false},"excerpt":{"rendered":"<p>F\u00f6rsta raden p\u00e5 CV:t eller fram\u00e5t mot nya rader p\u00e5 CV:t? Koppla ga\u0308rna in oss vid behov, som st\u00f6d och erfarenhetsbank i bakgrunden, som partner i n\u00e5got delmoment i processen &#8230;<\/p>\n","protected":false},"author":2,"featured_media":0,"parent":0,"menu_order":0,"comment_status":"closed","ping_status":"closed","template":"","meta":{"footnotes":""},"class_list":["post-44","page","type-page","status-publish","hentry"],"_links":{"self":[{"href":"https:\/\/forstaraden.ergin.net\/en\/wp-json\/wp\/v2\/pages\/44","targetHints":{"allow":["GET"]}}],"collection":[{"href":"https:\/\/forstaraden.ergin.net\/en\/wp-json\/wp\/v2\/pages"}],"about":[{"href":"https:\/\/forstaraden.ergin.net\/en\/wp-json\/wp\/v2\/types\/page"}],"author":[{"embeddable":true,"href":"https:\/\/forstaraden.ergin.net\/en\/wp-json\/wp\/v2\/users\/2"}],"replies":[{"embeddable":true,"href":"https:\/\/forstaraden.ergin.net\/en\/wp-json\/wp\/v2\/comments?post=44"}],"version-history":[{"count":29,"href":"https:\/\/forstaraden.ergin.net\/en\/wp-json\/wp\/v2\/pages\/44\/revisions"}],"predecessor-version":[{"id":144,"href":"https:\/\/forstaraden.ergin.net\/en\/wp-json\/wp\/v2\/pages\/44\/revisions\/144"}],"wp:attachment":[{"href":"https:\/\/forstaraden.ergin.net\/en\/wp-json\/wp\/v2\/media?parent=44"}],"curies":[{"name":"wp","href":"https:\/\/api.w.org\/{rel}","templated":true}]}}