{"id":51,"date":"2018-06-30T12:03:19","date_gmt":"2018-06-30T10:03:19","guid":{"rendered":"https:\/\/forstaraden.ergin.net\/?page_id=51"},"modified":"2018-07-06T20:57:21","modified_gmt":"2018-07-06T18:57:21","slug":"andra-aktorer","status":"publish","type":"page","link":"https:\/\/forstaraden.ergin.net\/en\/andra-aktorer\/","title":{"rendered":"Andra akt\u00f6rer"},"content":{"rendered":"<p class=\"p1\"><strong>H\u00e4r \u00e4r n\u00e5gra exempel p\u00e5 andra organisationer och initiativ som riktar sig mer specifikt mot nyanl\u00e4nda och utrikes f\u00f6dda:<\/strong><\/p>\n<p><a href=\"https:\/\/www.arbetsformedlingen.se\/\" target=\"_blank\" rel=\"noopener\">Arbetsf\u00f6rmedlingen<\/a> &#8211; praktik och anst\u00e4llningsst\u00f6d<\/p>\n<p class=\"p1\"><a href=\"https:\/\/www.arbetsformedlingen.se\/For-arbetsgivare\/Rekryteringstjanster\/Regeringsuppdrag\/100-klubben.html\" target=\"_blank\" rel=\"noopener\">100-klubben<\/a><\/p>\n<p class=\"p1\"><a href=\"https:\/\/www.incluso.se\/trainee-program\/\" target=\"_blank\" rel=\"noopener\">Incluso Trainee Program<\/a><\/p>\n<p><a href=\"http:\/\/www.Jobbentren.se\" target=\"_blank\" rel=\"noopener\"><span style=\"font-weight: 400;\">Jobbentr\u00e9n<\/span><\/a><\/p>\n<p class=\"p1\"><a href=\"https:\/\/jobbspranget.se\/\" target=\"_blank\" rel=\"noopener\">Jobbspr\u00e5nget<\/a><\/p>\n<p><a href=\"https:\/\/www.jusek.se\/Karriar\/Karriartjanster\/mentorskap\/\" target=\"_blank\" rel=\"noopener\"><span style=\"font-weight: 400;\">Juseks mentorsprogram<\/span><\/a><\/p>\n<p class=\"p1\"><a href=\"https:\/\/www.arbetsgivarverket.se\/praktik-i-staten\/jag-vill-ha-en-praktikplats\/korta-vagen---praktikant\/\" target=\"_blank\" rel=\"noopener\">Korta v\u00e4gen<\/a><\/p>\n<p><a href=\"http:\/\/mine.se\/omoss\/om-oss\/\" target=\"_blank\" rel=\"noopener\">MINE<\/a><\/p>\n<p><a href=\"http:\/\/www.mittliv.com\/se\/\" target=\"_blank\" rel=\"noopener\">Mitt Liv<\/a><\/p>\n<p><a href=\"https:\/\/www.ncc.se\/jobba-pa-ncc\/ncc-nystart\/\" target=\"_blank\" rel=\"noopener\">NCC Nystart<\/a><\/p>\n<p class=\"p1\"><a href=\"https:\/\/www.novarepotential.se\/\" target=\"_blank\" rel=\"noopener\">Novare Potential<\/a><\/p>\n<p><a href=\"https:\/\/www.hhs.se\/sv\/samverkan\/sse-initiatives\/ramp\/\" target=\"_blank\" rel=\"noopener\">RAMP<\/a><\/p>\n<p><a href=\"https:\/\/www.kth.se\/utbildning\/kurser\/sfinx\/sfinx-intensiv-svenska-for-ingenjorer-1.192512\" target=\"_blank\" rel=\"noopener\">SFINX<\/a><\/p>\n<p class=\"p1\"><a href=\"https:\/\/www.arbetsformedlingen.se\/Om-oss\/Om-Arbetsformedlingen\/Etablering-av-nyanlanda\/Snabbspar.html\" target=\"_blank\" rel=\"noopener\">Snabbsp\u00e5r<\/a><\/p>\n<p><a href=\"https:\/\/www.facebook.com\/SITareyouready\/\" target=\"_blank\" rel=\"noopener\"><span class=\"TextRun SCXW3986816\" lang=\"EN-US\" xml:lang=\"EN-US\"><span class=\"SpellingError SCXW3986816\">Sveriges<\/span><\/span><span class=\"TextRun SCXW3986816\" lang=\"EN-US\" xml:lang=\"EN-US\"><span class=\"NormalTextRun SCXW3986816\">\u00a0<\/span><\/span><span class=\"TextRun SCXW3986816\" lang=\"EN-US\" xml:lang=\"EN-US\"><span class=\"SpellingError SCXW3986816\">Internationella<\/span><\/span><span class=\"TextRun SCXW3986816\" lang=\"EN-US\" xml:lang=\"EN-US\"><span class=\"NormalTextRun SCXW3986816\">\u00a0<\/span><\/span><span class=\"TextRun SCXW3986816\" lang=\"EN-US\" xml:lang=\"EN-US\"><span class=\"SpellingError SCXW3986816\">Talanger (SIT)<\/span><\/span><\/a><span class=\"EOP SCXW3986816\" data-ccp-props=\"{}\">\u00a0<\/span><\/p>\n<p><a href=\"http:\/\/welcomemovement.se\/\" target=\"_blank\" rel=\"noopener\"><span style=\"font-weight: 400;\">Welcomeapp<\/span><\/a><\/p>\n<p><a href=\"https:\/\/linkedinforgood.linkedin.com\/programs\/refugees\/refugees\/welcome-talent-sweden\" target=\"_blank\" rel=\"noopener\">Welcome Talent<\/a><\/p>\n<p class=\"p1\"><a href=\"https:\/\/www.swedbank.se\/om-swedbank\/swedbank-i-samhallet\/samhallsengagemang\/praktik-en-vag-till-jobb\/antligen-jobb\/\" target=\"_blank\" rel=\"noopener\">\u00c4ntligen Jobb<\/a><\/p>\n<p><a href=\"http:\/\/www.oppnadorren.se\/\" target=\"_blank\" rel=\"noopener\">\u00d6ppnaD\u00f6rren<\/a><\/p>\n","protected":false},"excerpt":{"rendered":"<p>H\u00e4r \u00e4r n\u00e5gra exempel p\u00e5 andra organisationer och initiativ som riktar sig mer specifikt mot nyanl\u00e4nda och utrikes f\u00f6dda: Arbetsf\u00f6rmedlingen &#8211; praktik och anst\u00e4llningsst\u00f6d 100-klubben Incluso Trainee Program Jobbentr\u00e9n Jobbspr\u00e5nget &#8230;<\/p>\n","protected":false},"author":2,"featured_media":0,"parent":0,"menu_order":0,"comment_status":"closed","ping_status":"closed","template":"","meta":{"footnotes":""},"class_list":["post-51","page","type-page","status-publish","hentry"],"_links":{"self":[{"href":"https:\/\/forstaraden.ergin.net\/en\/wp-json\/wp\/v2\/pages\/51","targetHints":{"allow":["GET"]}}],"collection":[{"href":"https:\/\/forstaraden.ergin.net\/en\/wp-json\/wp\/v2\/pages"}],"about":[{"href":"https:\/\/forstaraden.ergin.net\/en\/wp-json\/wp\/v2\/types\/page"}],"author":[{"embeddable":true,"href":"https:\/\/forstaraden.ergin.net\/en\/wp-json\/wp\/v2\/users\/2"}],"replies":[{"embeddable":true,"href":"https:\/\/forstaraden.ergin.net\/en\/wp-json\/wp\/v2\/comments?post=51"}],"version-history":[{"count":13,"href":"https:\/\/forstaraden.ergin.net\/en\/wp-json\/wp\/v2\/pages\/51\/revisions"}],"predecessor-version":[{"id":147,"href":"https:\/\/forstaraden.ergin.net\/en\/wp-json\/wp\/v2\/pages\/51\/revisions\/147"}],"wp:attachment":[{"href":"https:\/\/forstaraden.ergin.net\/en\/wp-json\/wp\/v2\/media?parent=51"}],"curies":[{"name":"wp","href":"https:\/\/api.w.org\/{rel}","templated":true}]}}